{"id":2279,"date":"2015-10-21T10:22:27","date_gmt":"2015-10-21T08:22:27","guid":{"rendered":"http:\/\/artcontest.biancoscuro.it\/site\/?page_id=2279"},"modified":"2026-04-08T11:13:47","modified_gmt":"2026-04-08T09:13:47","slug":"regolamento-winter-edition","status":"publish","type":"page","link":"https:\/\/artcontest.biancoscuro.it\/site\/regolamento-winter-edition\/","title":{"rendered":"Regolamento Winter Edition"},"content":{"rendered":"\n<h2 class=\"wp-block-heading has-text-align-left\" id=\"biancoscuro-art-contest-winter-edition-8\u00aa-edizionepittura-scultura-fotografia-e-grafica\"><strong><span style=\"color: #3178cc;\"><mark style=\"background-color:rgba(0, 0, 0, 0);color:#3178cc\" class=\"has-inline-color\">\u2605<\/mark><\/span> <span style=\"color: #3178cc;\">BIANCOSCURO Art Contest Winter Edition <strong>\u2605<\/strong><\/span><\/strong><br><span style=\"color: #3178cc;\"><mark style=\"background-color:rgba(0, 0, 0, 0);color:#3178cc\" class=\"has-inline-color\">12\u00aa edizione &#8211; Pittura, scultura, fotografia, grafica, video &amp; performance<\/mark><\/span><\/h2>\n\n\n\n<h4 class=\"wp-block-heading\" id=\"1-contest10-giurati4-sezioni20-premi\">1&nbsp;Contest<br>10 Giurati<br>5&nbsp;Sezioni<br>28 Premi<\/h4>\n\n\n\n<h2 class=\"wp-block-heading has-white-color has-text-color has-link-color wp-elements-24f6e9cacc0bd366f07fecbb19c046d5\"><strong><mark style=\"background-color:#cf2e2e\" class=\"has-inline-color has-white-color\">&#8211;  Premiazione finale a Monte-Carlo &#8211; Principato di Monaco  &#8211;<\/mark><\/strong> <\/h2>\n\n\n\n<p>Iscrivendoti riceverai:<br>&#x2b50;&nbsp;<strong>attestato<\/strong> di partecipazione;<br>&#x2b50; <strong>pubblicazione opere &#8220;a PAGINA INTERA&#8221; sul catalogo ufficiale <\/strong>(cartaceo) <strong>BIANCOSCURO;<\/strong><br>&#x2b50;&nbsp;pubblicazione sul <strong>sito ufficiale BIANCOSCURO <\/strong>Art Contest;<br>&#x2b50;&nbsp;pubblicazione sulla <strong>Pagina FACEBOOK ufficiale<\/strong> BIANCOSCURO Art Contest con un post dedicato;<br>&#x2b50;&nbsp;pubblicazione sul&nbsp;<strong>Profilo INSTAGRAM ufficiale<\/strong> BIANCOSCURO Art Contest con un post dedicato.<\/p>\n\n\n\n<p><mark style=\"background-color:rgba(0, 0, 0, 0);color:#3178cc\" class=\"has-inline-color\"><strong>Novit\u00e0<\/strong>!<\/mark><br><mark style=\"background-color:rgba(0, 0, 0, 0);color:#3178cc\" class=\"has-inline-color\">Premio Biancoscuro <strong>Art Exhibition Monte-Carlo<\/strong> e Premio Biancoscuro <strong>Art Exhibition Innsbruck<\/strong><\/mark>.<mark style=\"background-color:rgba(0, 0, 0, 0);color:#3178cc\" class=\"has-inline-color\"><strong>Esposizione opere<\/strong> ad <strong>Art Monaco <\/strong>ed <strong>Art Fair Innsbruck<\/strong><\/mark>!<br><mark style=\"background-color:rgba(0, 0, 0, 0);color:#3178cc\" class=\"has-inline-color\">Inoltre, <strong>iscrivendo 3 o 4,<\/strong> avrai in <strong>omaggio l&#8217;abbonamento<\/strong> a <strong>BIANCOSCURO Art Magazine<\/strong> per 12 mesi!<\/mark><\/p>\n\n\n\n<blockquote class=\"wp-block-quote is-layout-flow wp-block-quote-is-layout-flow\">\n<p>L&#8217;<strong>attestato<\/strong> \u00e8 stampato su carta deluxe da 300g Rembrandt effetto stucco (carta certificata FSC\u00ae).<br>Il <strong>catalogo<\/strong> \u00e8 rilegato a brossura grecata ad alta tenuta, con copertina rigida e una <strong>finitura in Soft Touch<\/strong> che la rende <strong>elegante<\/strong> e <strong>vellutata<\/strong> al tatto, ideale per  <strong>impreziosirlo<\/strong>. Le pagine interne sono stampate su <strong>carta classic demimatt patinata opaca da 170g <\/strong>(le carta utilizzate sono certificata FSC\u00ae).<\/p>\n<\/blockquote>\n\n\n\n<p><strong>\u270e Iscriviti subito compilando<\/strong><a href=\"http:\/\/artcontest.biancoscuro.it\/site\/iscrizione-winter-edition\">il form online che trovi <strong>cliccando&nbsp;qui<\/strong>!<\/a><br><em>Oppure scarica la scheda di partecipazione:<\/em><br><strong><a href=\"http:\/\/www.biancoscuro.com\/download\/Scheda_BACwe22_it.pdf\">BIANCOSCURO Art Contest<\/a><\/strong> (ITALIANO)<br><a aria-label=\" (opens in a new tab)\" href=\"#\" target=\"_blank\" rel=\"noreferrer noopener\"><strong>BIANCOSCURO Art Contest<\/strong><\/a> (INGLESE)<\/p>\n\n\n\n<h2 class=\"wp-block-heading\" id=\"regolamento\">\u25b2 Regolamento \u25b2<\/h2>\n\n\n\n<p><strong>Il tema \u00e8 libero, partecipare \u00e8 semplice!&nbsp;<\/strong>Tra tutte le opere partecipanti verranno selezionate 24 opere che saranno esposte in mostra collettiva, a cura di <strong>BIANCOSCURO<\/strong>, presso <strong>VERNICE Art Fair<\/strong> dal <strong>27 <\/strong>al <strong>29 marzo 2026<\/strong>. Tra&nbsp;queste opere verranno selezionate le opere vincitrici alle quali verr\u00e0&nbsp;assegnato il&nbsp;<span style=\"text-decoration: underline;\">Premio Copertina<\/span>, il <span style=\"text-decoration: underline;\">Premio Over the Cover<\/span> il <span style=\"text-decoration: underline;\">Premio Biancoscuro Art Exhibition Monte-Carlo<\/span>, ed il <span style=\"text-decoration: underline;\">Premio Biancoscuro Art Exhibition Innsbruck<\/span>.<\/p>\n\n\n\n<h4 class=\"wp-block-heading\" id=\"extra-l-opera-che-sulla-nostra-pagina-facebook-e-instagram-ricevera-piu-like-e-condivisioni-in-assoluto-verra-esposta-insieme-a-quelle-vincitrici-l-opera-si-aggiungera-a-quelle-da-noi-selezionate-per-vincere-il-super-premio-finale\">\u2605\u2605\u2605\u2605\u2605<br>EXTRA!&nbsp;L&#8217;opera che sulla nostra pagina <strong>Facebook<\/strong> e <strong>Instagram<\/strong>, ricever\u00e0 pi\u00f9 like e condivisioni in assoluto, verr\u00e0 esposta insieme a quelle vincitrici. L&#8217;opera si aggiunger\u00e0 a&nbsp;quelle da noi&nbsp;selezionate per vincere il super premio finale!<br>\u2605\u2605\u2605\u2605\u2605<\/h4>\n\n\n\n<p class=\"has-small-font-size\"><strong>Articolo 1 &#8211; Criteri di ammissione<\/strong><br>Possono partecipare tutti gli artisti di tutte le nazionalit\u00e0. <strong>BIANCOSCURO Art Contest<\/strong>&nbsp;<strong>Winter Edition<\/strong> (d\u2019ora in poi BACwe) \u00e8 composto dalle sezioni: <b>pittura&nbsp;&#8211;&nbsp;scultura&nbsp;<\/b>&nbsp;&#8211;&nbsp;<b>fotografia<\/b>&nbsp;&#8211;&nbsp;<b>graf<\/b><strong><b>ica<\/b> &#8211; video<\/strong>&amp;<strong>performance<\/strong> (in fondo&nbsp;la definizione delle categorie). Ogni artista pu\u00f2 partecipare al <strong>BACwe<\/strong> con una o pi\u00f9 opere, fino ad un massimo di 4, in piena libert\u00e0 stilistica e tecnica e su qualsiasi supporto. Le dimensioni sono libere. Il tema \u00e8 libero.<\/p>\n\n\n\n<p class=\"has-small-font-size\"><strong>Articolo 2 &#8211; Iscrizione<\/strong><br>Per partecipare a <strong>BACwe<\/strong> bisogna compilare&nbsp;il <a href=\"http:\/\/artcontest.biancoscuro.it\/site\/iscrizione-winter-edition\" target=\"_blank\" rel=\"noreferrer noopener\"><span style=\"text-decoration: underline;\">form online che trovi cliccando&nbsp;qui<\/span><\/a>&nbsp;inviando successivamente una foto per ogni opera. \u00c8&nbsp;consentita la&nbsp;partecipazione a pi\u00f9 sezioni&nbsp;o con pi\u00f9 opere fino ad un massimo di 4&nbsp;(quattro).<\/p>\n\n\n\n<p class=\"has-small-font-size\"><strong>Articolo 3 &#8211; Pubblicazione opere<\/strong><br><strong>Tutte le opere ricevute verranno pubblicate sia su questo&nbsp;sito internet (artcontest.biancoscuro.it)<\/strong>&nbsp;<strong>che&nbsp;<span style=\"text-decoration: underline;\">sul catalogo ufficiale<\/span> BIANCOSCURO Art Contest<\/strong>.<br>Le opere rimarranno pubblicate sul sito internet dedicato per 12 mesi.  Per ogni artista in concorso&nbsp;sar\u00e0 realizzata una scheda contenente  l\u2019immagine (o le immagini), i dati tecnici e la biografia dell&#8217;artista. Sar\u00e0 possibile  accedervi digitando artcontest.biancoscuro.it\/nome-cognome, senza alcun  costo aggiuntivo. Saranno poi condivise&nbsp;<a href=\"https:\/\/www.facebook.com\/artcontest.biancoscuro\">sulla nostra pagina FACEBOOK ufficiale<\/a> e&nbsp;<a href=\"https:\/\/www.instagram.com\/biancoscuroartcontest\/\">sul nostro profilo INSTAGRAM ufficiale<\/a>, senza alcun  costo aggiuntivo.&nbsp;L&#8217;opera pi\u00f9 apprezzata sui social verr\u00e0 esposta insieme a quelle vincitrici.&nbsp;<em>Il punteggio \u00e8 dato dalla somma del numero di like (Facebook + Instagram) che ogni opera riceve.&nbsp;Coloro che non desiderano comparire con le loro opere sul sito sono comunque ammessi al BAC.<\/em><\/p>\n\n\n\n<p><strong>La scadenza per le iscrizioni<\/strong> fissata per il <strong>10 marzo 2026<\/strong><\/p>\n\n\n\n<p class=\"has-small-font-size\"><strong>Articolo 4 &#8211; Quota d&#8217;iscrizione<\/strong><br><b><strong>Il&nbsp; contributo previsto per la partecipazione con n.1 opera \u00e8 di 89\u20ac&nbsp;<\/strong><\/b>ed ogni opera successiva 40\u20ac.&nbsp;(esempio:&nbsp;per n.2 opere il contributo previsto \u00e8 di 129\u20ac, per n.3 opere \u00e8 di 169\u20ac, per n.4 opere \u00e8 di 209\u20ac). <strong>Con l&#8217;iscrizione di 3 o 4 opere<\/strong> avrai in <strong>omaggio l&#8217;abbonamento (Italia) a BIANCOSCURO Art Magazine<\/strong> per 12 mesi. Il versamento dovr\u00e0 essere effettuato con <strong>carta di credito<\/strong>, <strong>Pay Pal<\/strong>, <strong>bonifico<\/strong> o <strong>bollettino<\/strong> postale <a href=\"https:\/\/artcontest.biancoscuro.it\/site\/versamento-winter-edition\/\" target=\"_blank\" rel=\"noreferrer noopener\">utilizzando le coordinate che trovi cliccando qui<\/a>. Per bollettino e bonifico indicare come causale <strong><strong><strong><strong>BAC Winter Editio<\/strong><\/strong>n 2024<\/strong><\/strong>.<\/p>\n\n\n\n<p class=\"has-small-font-size\"><strong>Articolo 5 &#8211; Scadenze<\/strong><br>Il termine ultimo di<b>iscrizione<\/b> al <strong>BACwe<\/strong> e&nbsp;relativo invio di materiale pi\u00f9 scheda di partecipazione debitamente compilata \u00e8 il <strong>10 marzo 2026<\/strong>.<\/p>\n\n\n\n<p class=\"has-small-font-size\"><strong>Articolo 6 &#8211; Consenso<\/strong><br>La partecipazione al <strong>BACwe<\/strong> comporta l\u2019accettazione del presente regolamento e l\u2019autorizzazione al trattamento dei dati personali ai sensi della legge 675\/96 e successive modifiche D.lgs.196\/2003.<\/p>\n\n\n\n<p class=\"has-small-font-size\"><strong>Articolo 7 &#8211; Giuria<\/strong><br>La <strong>Giuria Biancoscuro <\/strong>\u00e8 composta da<strong> redazione<\/strong>, <strong>consiglio<\/strong> e <strong>comitato<\/strong> <strong>critico<\/strong> <strong>BIANCOSCURO<\/strong>,&nbsp;<strong>collaboratori italiani ed esteri<\/strong>.&nbsp;La giuria sceglier\u00e0 le opere vincitrici ed il suo giudizio sar\u00e0 insindacabile e inoppugnabile. La giuria pu\u00f2 altres\u00ec chiedere la sostituzione dell&#8217;opera iscritta.<\/p>\n\n\n\n<p class=\"has-small-font-size\"><strong>Articolo 8 &#8211; Selezioni<\/strong><br>La<strong>&nbsp;giuria Biancoscuro<\/strong>, selezioner\u00e0 le opere&nbsp;che verranno esposte&nbsp;in mostra collettiva. I 24 artisti selezionati e premiati con la mostra&nbsp;<span style=\"text-decoration: underline;\">non verseranno alcun contributo<\/span> per l&#8217;esposizione.&nbsp;<em>Rimangono escluse le spese di logistica e trasporto<\/em><span style=\"color: #000000;\">. Una ulteriore opera verr\u00e0 ammessa in esposizione grazie alla <a href=\"https:\/\/www.facebook.com\/artcontest.biancoscuro\/\" target=\"_blank\" rel=\"noopener noreferrer\">nostra pagina Facebook<\/a>&nbsp;e grazie alla <a href=\"https:\/\/www.instagram.com\/biancoscuroartcontest\/\">nostra pagina Instagram<\/a>: l&#8217;opera con il maggior numero di like<\/span>&nbsp;in assoluto, verr\u00e0 esposta insieme a quelle vincitrici. Sar\u00e0 possibile votare fino al 16 marzo 2026.<\/p>\n\n\n\n<p class=\"has-small-font-size\"><meta http-equiv=\"content-type\" content=\"text\/html; charset=utf-8\"><\/meta><strong>Articolo 9 &#8211; Catalogo e attestato<br><\/strong>Tutti i partecipanti saranno pubblicati <strong>catalogo ufficiale BIANCOSCURO Art Contest<\/strong> (pubblicato in formato cartaceo e digitale) e l\u2019<strong>Attestato<\/strong>, questo a certificare la partecipazione all&#8217;evento. Il catalogo conterr\u00e0 le immagini delle opere e una breve biografia dell&#8217;artista. \u00c8 possibile prenotare una o pi\u00f9 copie del catalogo direttamente in fase di iscrizione oppure via mail a artcontest@biancoscuro.com.<\/p>\n\n\n\n<p class=\"has-small-font-size\"><strong>Articolo 10 &#8211; Premiazione<\/strong><br>Tra gli artisti esposti,&nbsp;verranno selezionati <strong>quattro (4)&nbsp;artisti, premiat<\/strong>i&nbsp;dalla<strong> giuria Biancoscuro <\/strong>(composta da redazione, consiglio e comitato critico). Gli artisti selezionati riceveranno&nbsp;comunicazione ufficiale di<strong>&nbsp;vincita<\/strong>.<\/p>\n\n\n\n<p class=\"has-small-font-size\"><strong>Articolo 11 \u2013 Premio COPERTINA e Over the Cover<br>2 artisti&nbsp;<\/strong>verranno&nbsp;<strong>premiati<\/strong>&nbsp;dalla<strong>&nbsp;<a href=\"http:\/\/artcontest.biancoscuro.it\/site\/giuria\/\" target=\"_blank\" rel=\"noreferrer noopener\">giuria Biancoscuro<\/a><\/strong>&nbsp;(composta da redazione, consiglio e comitato critico) e riceveranno&nbsp;comunicazione di&nbsp;vincita del  premio. Al primo artista verr\u00e0 assegnato il <strong><strong>\u201c<\/strong>Premio Copertina\u201d<\/strong> e&nbsp;<strong>l&#8217;opera vincitrice verr\u00e0 pubblicata&nbsp;sulla copertina<\/strong> di BIANCOSCURO Art Magazine. Al secondo artista verr\u00e0 assegnato il <strong><strong>\u201c<\/strong>Premio Over the Cover\u201d <\/strong>e &nbsp;<strong>l&#8217;opera vincitrice verr\u00e0 pubblicata&nbsp;sulla 4\u00aa copertina<\/strong> di BIANCOSCURO Art Magazine.<\/p>\n\n\n\n<p class=\"has-small-font-size\"><strong>Articolo 12 \u2013 Premio Biancoscuro Art Exhibition<br>2 artisti&nbsp;<\/strong>verranno&nbsp;<strong>premiati<\/strong>&nbsp;dalla<strong>&nbsp;<a href=\"http:\/\/artcontest.biancoscuro.it\/site\/giuria\/\" target=\"_blank\" rel=\"noreferrer noopener\">giuria Biancoscuro<\/a><\/strong>&nbsp;(composta da redazione, consiglio e comitato critico) e riceveranno&nbsp;comunicazione di&nbsp;vincita del premio. Al primo artista verr\u00e0 assegnato il <strong><strong>\u201c<\/strong>Premio Art Exhibition\u201d<\/strong> e&nbsp;<strong>l&#8217;opera vincitrice verr\u00e0 esposta&nbsp;ad ART Monaco<\/strong>. Al secondo artista verr\u00e0 assegnato il <strong><strong>\u201cPremio Art Exhibition<\/strong>\u201d <\/strong>e &nbsp;<strong>l&#8217;opera vincitrice <strong>verr\u00e0 esposta&nbsp;ad ART Innsbruck<\/strong><\/strong>.<\/p>\n\n\n\n<p class=\"has-small-font-size\"><strong>Articolo 13 &#8211; Logistica<\/strong><b> <\/b><br>I servizi di logistica (imballaggio, spedizione, trasporto, restituzione delle opere ed eventuale sdoganamento) sono a carico dei vincitori. <\/p>\n\n\n\n<p class=\"has-small-font-size\"><strong><strong>Articolo <\/strong>14 &#8211; Responsabilit\u00e0<\/strong><br>BIANCOSCURO, pur avendo la massima cura e custodia delle opere pervenute, declina ogni responsabilit\u00e0 per eventuali furti, incendi o danni di qualsiasi natura alle opere che possono verificarsi durante le fasi della manifestazione. Ogni eventuale richiesta di assicurazione va sottoscritta dall\u2019artista stesso.<\/p>\n\n\n\n<p class=\"has-small-font-size\"><strong>Articolo 15 &#8211; Verdetto<\/strong><br>I nomi degli artisti selezionati per la mostra verranno resi pubblici il giorno 18 marzo\u00a02026. I 24 artisti selezionati e premiati con l&#8217;esposizione\u00a0<strong><span style=\"text-decoration: underline;\">non verseranno alcun contributo<\/span><\/strong>.\u00a0<em>Rimangono per\u00f2 escluse le spese di logistica e trasporto<\/em>. Tra gli artisti selezionati ed esposti verranno assegnati il\u00a0<strong>Premio Copertina, Premio Over the cover ed i Premi Art Exhibition.<\/strong> Il verdetto della\u00a0giuria sar\u00e0 emesso il giorno 13 aprile\u00a02026 e gli <strong>artisti premiati verranno informati personalmente.<\/strong> In tali date, sar\u00e0 premura del partecipante informarsi sui risultati del concorso consultando questo sito <a href=\"https:\/\/artcontest.biancoscuro.it\/blog\/\" target=\"_blank\" rel=\"noreferrer noopener\">artcontest.biancoscuro.it<\/a> ed i social di BIANCOSCURO Art Magazine e BIANCOSCURO Art Contest.<\/p>\n\n\n\n<hr class=\"wp-block-separator has-text-color has-vivid-cyan-blue-color has-css-opacity has-vivid-cyan-blue-background-color has-background\"\/>\n\n\n\n<p><strong>Del BAC winter edition<\/strong>, di tutti i suoi partecipanti e dei suoi vincitori verr\u00e0 dato ampio risalto <strong>sulla Rivista d\u2019Arte BIANCOSCURO<\/strong>, sul <strong>catalogo<\/strong> ufficiale, sul <strong>sito<\/strong> internet dedicato <a href=\"http:\/\/artcontest.biancoscuro.it\" target=\"_blank\" rel=\"noreferrer noopener\">artcontest.biancoscuro.it<\/a> sul sito ufficiale <a href=\"http:\/\/www.biancoscuro.it\" target=\"_blank\" rel=\"noreferrer noopener\">www.biancoscuro.it<\/a>, sulle nostre pagine <strong>Facebook<\/strong> <a href=\"http:\/\/www.facebook.com\/biancoscuroArtMagazine\" target=\"_blank\" rel=\"noreferrer noopener\">Facebook.com\/biancoscuroArtMagazine<\/a> e <a href=\"https:\/\/www.facebook.com\/artcontest.biancoscuro\" target=\"_blank\" rel=\"noreferrer noopener\">Facebook.com\/artcontest.biancoscuro<\/a>, sul nostro profilo <strong>Instagram<\/strong> <a href=\"https:\/\/www.facebook.com\/artcontest.biancoscuro\" target=\"_blank\" rel=\"noreferrer noopener\">Instagram.com\/biancoscuroartcontest<\/a> e sul nostro gruppo <a href=\"http:\/\/www.facebook.com\/groups\/biancoscuro\" target=\"_blank\" rel=\"noreferrer noopener\">Facebook.com\/groups\/biancoscuro<\/a><\/p>\n\n\n\n<hr class=\"wp-block-separator has-text-color has-vivid-cyan-blue-color has-css-opacity has-vivid-cyan-blue-background-color has-background\"\/>\n\n\n\n<p><strong>DEFINIZIONI SEZIONI:<\/strong><\/p>\n\n\n\n<p><b>Pittura<br><\/b>Opere realizzate su qualsiasi supporto (tela, carta, legno, plastica, ferro, etc.) in piena libert\u00e0 stilistica e tecnica utilizzando: olio, tempera, acrilico, inchiostro, vinile, acquerello, grafite, matita, collage, ecc.)<\/p>\n\n\n\n<p><b>Scultura<\/b><strong><br><\/strong>Opere scolpite o semplicemente realizzate con qualsiasi materiale organico o inorganico, anche avvalendosi video, luci e&nbsp; suoni, con movimenti meccanici, pneumatici e\/o elettrici. Sono incluse le INSTALLAZIONI.<\/p>\n\n\n\n<p><b>Fotografia<br><\/b>Opere realizzate su supporto analogico o digitale e fotografie con elaborazioni digitali. Le opere interamente realizzate al computer o drasticamente modificate devono essere iscritte nella sezione GRAFICA.<\/p>\n\n\n\n<p><b>Grafica<br><\/b>Opere (reali o virtuali) realizzate al computer o facendo uso di applicazioni e dispositivi digitali, avvalendosi di software, applicazioni per smartphone o tablet, dispositivi interattivi.&nbsp;Rientrano in questa categoria anche le opere realizzate prevalentemente con supporti digitali&nbsp;e&nbsp;tecniche di finitura che utilizzano olio, tempera, acrilico, inchiostro, smalto ecc. Rientrano in questa categoria anche le opere realizzate in <strong>NFT (statico)<\/strong>.<\/p>\n\n\n\n<p><b>Video &amp; Performance<br><\/b>Opere video e\/o performance, realizzate al computer o facendo uso di applicazioni e dispositivi digitali, avvalendosi di software, applicazioni per smartphone o tablet, dispositivi interattivi, videogame, progetti di augmented reality, Net art &nbsp;ecc.&nbsp;Rientrano in questa categoria anche le opere realizzate in <strong>NFT (animato)<\/strong>.<\/p>\n\n\n\n<hr class=\"wp-block-separator has-text-color has-vivid-cyan-blue-color has-css-opacity has-vivid-cyan-blue-background-color has-background\"\/>\n\n\n\n<h1 class=\"wp-block-heading\" id=\"riepilogo-premi\"><strong>Riepilogo premi<\/strong><\/h1>\n\n\n\n<p>Tra tutti i partecipanti verranno selezionate\u00a0<strong>24 opere<\/strong>\u00a0 che <strong>verranno <meta http-equiv=\"content-type\" content=\"text\/html; charset=utf-8\"><\/meta>esposte in mostra collettiva, a cura di <strong>BIANCOSCURO<\/strong>, presso <strong>VERNICE Art Fair<\/strong> dal <strong>27 <\/strong>al <strong>29 marzo 2026<\/strong><\/strong>. A queste 24 opere verr\u00e0 aggiunta l&#8217;opera che sulla nostra pagina Facebook avr\u00e0 ricevuto pi\u00f9 like e condivisioni.\u00a0<strong>Tra\u00a0queste <\/strong>24+1 opere<strong>verr\u00e0 selezionata l&#8217;opera vincitrice<\/strong>\u00a0alla quale verr\u00e0\u00a0assegnato il\u00a0premio copertina.<\/p>\n\n\n\n<p><strong>Premio &#8220;<strong>COPERTINA BIANCOSCURO<\/strong>&#8221;&nbsp;<\/strong><br>Verranno premiati 2 artisti. Il premio (pubblicazione in COVER o in OVER THE COVER) \u00e8 conferito e definito dalla<strong> <a href=\"https:\/\/artcontest.biancoscuro.it\/site\/giuria\/\" target=\"_blank\" rel=\"noreferrer noopener\">Giuria Biancoscuro<\/a><\/strong>.<\/p>\n\n\n\n<p><strong>Premio &#8220;<strong><strong><strong>Biancoscuro Art Exhibition<\/strong>&#8220;<strong>Monte-Carlo<\/strong><\/strong><\/strong> \/ Innsbruck<\/strong><br>Verranno premiati 2 artisti. Il premio (esposizione fisica ad ART Monaco) ed il premio (esposizione fisica ad ART Innsbruck) \u00e8 conferito e definito dalla<strong><a href=\"https:\/\/artcontest.biancoscuro.it\/site\/giuria\/\" target=\"_blank\" rel=\"noreferrer noopener\">Giuria Biancoscuro<\/a><\/strong>.<\/p>\n\n\n\n<figure class=\"wp-block-image size-full\"><a href=\"https:\/\/artcontest.biancoscuro.it\/site\/iscrizione-winter-edition\/\" target=\"_blank\" rel=\"noopener\"><img loading=\"lazy\" decoding=\"async\" width=\"999\" height=\"999\" src=\"https:\/\/artcontest.biancoscuro.it\/site\/wp-content\/uploads\/2022\/02\/ADV_BACwinter2022quad-1.jpg\" alt=\"\" class=\"wp-image-16055\" srcset=\"https:\/\/artcontest.biancoscuro.it\/site\/wp-content\/uploads\/2022\/02\/ADV_BACwinter2022quad-1.jpg 999w, https:\/\/artcontest.biancoscuro.it\/site\/wp-content\/uploads\/2022\/02\/ADV_BACwinter2022quad-1-300x300.jpg 300w, https:\/\/artcontest.biancoscuro.it\/site\/wp-content\/uploads\/2022\/02\/ADV_BACwinter2022quad-1-150x150.jpg 150w, https:\/\/artcontest.biancoscuro.it\/site\/wp-content\/uploads\/2022\/02\/ADV_BACwinter2022quad-1-768x768.jpg 768w, https:\/\/artcontest.biancoscuro.it\/site\/wp-content\/uploads\/2022\/02\/ADV_BACwinter2022quad-1-450x450.jpg 450w, https:\/\/artcontest.biancoscuro.it\/site\/wp-content\/uploads\/2022\/02\/ADV_BACwinter2022quad-1-600x600.jpg 600w\" sizes=\"auto, (max-width: 999px) 100vw, 999px\" \/><\/a><\/figure>\n\n\n\n<p class=\"has-text-align-center\"><em><strong>Privacy. <\/strong>Le informazioni custodite da BIANCOSCURO verranno utilizzate per la partecipazione alla concorso e per l\u2019invio di materiale informativo. Ciascun candidato autorizza espressamente BIANCOSCURO, a trattare i dati personali trasmessi ai sensi del D.lgs. 196\/2003 (Codice Privacy). \u00c8 possibile richiedere la rettifica o cancellazione, come previsto dalla tutela dei dati personali.<\/em><\/p>\n","protected":false},"excerpt":{"rendered":"<p>\u2605 BIANCOSCURO Art Contest Winter Edition \u260512\u00aa edizione &#8211; Pittura, scultura, fotografia, grafica, video &amp; performance 1&nbsp;Contest10 Giurati5&nbsp;Sezioni28 Premi &#8211; Premiazione finale a Monte-Carlo &#8211; Principato di Monaco &#8211; Iscrivendoti<a href=\"https:\/\/artcontest.biancoscuro.it\/site\/regolamento-winter-edition\/\">&#8230;Read More<\/a><\/p>\n","protected":false},"author":1,"featured_media":16055,"parent":0,"menu_order":0,"comment_status":"closed","ping_status":"closed","template":"","meta":{"advanced_seo_description":"","jetpack_seo_html_title":"","jetpack_seo_noindex":false,"footnotes":""},"class_list":["post-2279","page","type-page","status-publish","has-post-thumbnail","hentry"],"jetpack_sharing_enabled":true,"jetpack_likes_enabled":false,"_links":{"self":[{"href":"https:\/\/artcontest.biancoscuro.it\/site\/wp-json\/wp\/v2\/pages\/2279","targetHints":{"allow":["GET"]}}],"collection":[{"href":"https:\/\/artcontest.biancoscuro.it\/site\/wp-json\/wp\/v2\/pages"}],"about":[{"href":"https:\/\/artcontest.biancoscuro.it\/site\/wp-json\/wp\/v2\/types\/page"}],"author":[{"embeddable":true,"href":"https:\/\/artcontest.biancoscuro.it\/site\/wp-json\/wp\/v2\/users\/1"}],"replies":[{"embeddable":true,"href":"https:\/\/artcontest.biancoscuro.it\/site\/wp-json\/wp\/v2\/comments?post=2279"}],"version-history":[{"count":142,"href":"https:\/\/artcontest.biancoscuro.it\/site\/wp-json\/wp\/v2\/pages\/2279\/revisions"}],"predecessor-version":[{"id":23492,"href":"https:\/\/artcontest.biancoscuro.it\/site\/wp-json\/wp\/v2\/pages\/2279\/revisions\/23492"}],"wp:featuredmedia":[{"embeddable":true,"href":"https:\/\/artcontest.biancoscuro.it\/site\/wp-json\/wp\/v2\/media\/16055"}],"wp:attachment":[{"href":"https:\/\/artcontest.biancoscuro.it\/site\/wp-json\/wp\/v2\/media?parent=2279"}],"curies":[{"name":"wp","href":"https:\/\/api.w.org\/{rel}","templated":true}]}}